{"id":34,"date":"2020-01-31T08:54:24","date_gmt":"2020-01-31T07:54:24","guid":{"rendered":"https:\/\/energiedusi.com\/?page_id=34"},"modified":"2026-01-27T20:54:35","modified_gmt":"2026-01-27T19:54:35","slug":"hlavni-stranka","status":"publish","type":"page","link":"https:\/\/energiedusi.com\/en\/","title":{"rendered":"Main page"},"content":{"rendered":"<p><div class=\"fusion-fullwidth fullwidth-box fusion-builder-row-1 has-pattern-background has-mask-background nonhundred-percent-fullwidth non-hundred-percent-height-scrolling\" style=\"--awb-border-radius-top-left:0px;--awb-border-radius-top-right:0px;--awb-border-radius-bottom-right:0px;--awb-border-radius-bottom-left:0px;--awb-flex-wrap:wrap;\" ><div class=\"fusion-builder-row fusion-row\"><div class=\"fusion-layout-column fusion_builder_column fusion-builder-column-0 fusion_builder_column_1_1 1_1 fusion-one-full fusion-column-first fusion-column-last\" style=\"--awb-bg-blend:overlay;--awb-bg-size:cover;--awb-margin-bottom:0px;\"><div class=\"fusion-column-wrapper fusion-flex-column-wrapper-legacy\"><div class=\"fusion-text fusion-text-1\"><p style=\"text-align: center;\"><strong>Each of the paintings has its own secret, it has energy, strength, it can caress, make you smile or make you think.<\/strong><\/p>\n<p style=\"text-align: center;\"><strong>Each of the paintings will find its \u201cowner\u201d, or better said, each of the paintings will find the one for whom only HE will be the right guide\u2026<\/strong><\/p>\n<\/div><div class=\"fusion-clearfix\"><\/div><\/div><\/div><\/div><\/div><div class=\"fusion-fullwidth fullwidth-box fusion-builder-row-2 nonhundred-percent-fullwidth non-hundred-percent-height-scrolling\" style=\"--awb-border-radius-top-left:0px;--awb-border-radius-top-right:0px;--awb-border-radius-bottom-right:0px;--awb-border-radius-bottom-left:0px;--awb-flex-wrap:wrap;\" ><div class=\"fusion-builder-row fusion-row\"><div class=\"fusion-layout-column fusion_builder_column fusion-builder-column-1 fusion_builder_column_1_1 1_1 fusion-one-full fusion-column-first fusion-column-last\" style=\"--awb-bg-blend:overlay;--awb-bg-size:cover;--awb-margin-bottom:0px;\"><div class=\"fusion-column-wrapper fusion-flex-column-wrapper-legacy\"><div class=\"fusion-text fusion-text-2\"><h2 style=\"text-align: center;\">About The Authors<\/h2>\n<\/div><div class=\"fusion-clearfix\"><\/div><\/div><\/div><\/div><\/div><div class=\"fusion-fullwidth fullwidth-box fusion-builder-row-3 has-pattern-background has-mask-background nonhundred-percent-fullwidth non-hundred-percent-height-scrolling fusion-equal-height-columns\" style=\"--awb-border-radius-top-left:0px;--awb-border-radius-top-right:0px;--awb-border-radius-bottom-right:0px;--awb-border-radius-bottom-left:0px;--awb-flex-wrap:wrap;\" ><div class=\"fusion-builder-row fusion-row\"><div class=\"fusion-layout-column fusion_builder_column fusion-builder-column-2 fusion_builder_column_1_2 1_2 fusion-one-half fusion-column-first\" style=\"--awb-padding-right:30px;--awb-padding-left:30px;--awb-bg-size:cover;width:50%;width:calc(50% - ( ( 4% ) * 0.5 ) );margin-right: 4%;\"><div class=\"fusion-column-wrapper fusion-column-has-shadow fusion-flex-column-wrapper-legacy\"><div class=\"awb-gallery-wrapper awb-gallery-wrapper-1 button-span-no\" style=\"--more-btn-alignment:center;\"><div style=\"margin:-5px;--awb-bordersize:0px;\" class=\"fusion-gallery fusion-gallery-container fusion-grid-3 fusion-columns-total-3 fusion-gallery-layout-grid fusion-gallery-1\"><div style=\"padding:5px;\" class=\"fusion-grid-column fusion-gallery-column fusion-gallery-column-3 hover-type-none\"><div class=\"fusion-gallery-image\"><a rel=\"noreferrer\" data-rel=\"iLightbox[gallery_image_1]\" class=\"fusion-lightbox\" target=\"_self\"><img decoding=\"async\" src=\"\" width=\"\" height=\"\" alt=\"\" title=\"\" aria-label=\"\" class=\"img-responsive wp-image-214\"  \/><\/a><\/div><\/div><div style=\"padding:5px;\" class=\"fusion-grid-column fusion-gallery-column fusion-gallery-column-3 hover-type-none\"><div class=\"fusion-gallery-image\"><a href=\"https:\/\/energiedusi.com\/wp-content\/uploads\/2020\/05\/Zasnena.jpg\" rel=\"noreferrer\" data-rel=\"iLightbox[gallery_image_1]\" class=\"fusion-lightbox\" target=\"_self\"><img decoding=\"async\" src=\"https:\/\/energiedusi.com\/wp-content\/uploads\/2020\/05\/Zasnena.jpg\" width=\"577\" height=\"1200\" alt=\"\" title=\"Zasnena\" aria-label=\"Zasnena\" class=\"img-responsive wp-image-227\" srcset=\"https:\/\/energiedusi.com\/wp-content\/uploads\/2020\/05\/Zasnena-200x416.jpg 200w, https:\/\/energiedusi.com\/wp-content\/uploads\/2020\/05\/Zasnena-400x832.jpg 400w, https:\/\/energiedusi.com\/wp-content\/uploads\/2020\/05\/Zasnena.jpg 577w\" sizes=\"(min-width: 2200px) 100vw, (min-width: 784px) 363px, (min-width: 712px) 545px, (min-width: 640px) 712px, \" \/><\/a><\/div><\/div><div style=\"padding:5px;\" class=\"fusion-grid-column fusion-gallery-column fusion-gallery-column-3 hover-type-none\"><div class=\"fusion-gallery-image\"><a href=\"https:\/\/energiedusi.com\/wp-content\/uploads\/2020\/05\/Skritek-Kobold.jpg\" rel=\"noreferrer\" data-rel=\"iLightbox[gallery_image_1]\" class=\"fusion-lightbox\" target=\"_self\"><img decoding=\"async\" src=\"https:\/\/energiedusi.com\/wp-content\/uploads\/2020\/05\/Skritek-Kobold.jpg\" width=\"720\" height=\"1280\" alt=\"\" title=\"Sk\u0159\u00edtek Kobold, akryl  na sololitu + k\u0159i\u0161\u0165\u00e1l, 30&#215;50 cm\" aria-label=\"Sk\u0159\u00edtek Kobold, akryl  na sololitu + k\u0159i\u0161\u0165\u00e1l, 30&#215;50 cm\" class=\"img-responsive wp-image-247\" srcset=\"https:\/\/energiedusi.com\/wp-content\/uploads\/2020\/05\/Skritek-Kobold-200x356.jpg 200w, https:\/\/energiedusi.com\/wp-content\/uploads\/2020\/05\/Skritek-Kobold-400x711.jpg 400w, https:\/\/energiedusi.com\/wp-content\/uploads\/2020\/05\/Skritek-Kobold-600x1067.jpg 600w, https:\/\/energiedusi.com\/wp-content\/uploads\/2020\/05\/Skritek-Kobold.jpg 720w\" sizes=\"(min-width: 2200px) 100vw, (min-width: 784px) 363px, (min-width: 712px) 545px, (min-width: 640px) 712px, \" \/><\/a><\/div><\/div><div class=\"clearfix\"><\/div><\/div><\/div><div class=\"fusion-clearfix\"><\/div><\/div><\/div><div class=\"fusion-layout-column fusion_builder_column fusion-builder-column-3 fusion_builder_column_1_2 1_2 fusion-one-half fusion-column-last\" style=\"--awb-padding-right:30px;--awb-padding-left:30px;--awb-bg-size:cover;width:50%;width:calc(50% - ( ( 4% ) * 0.5 ) );\"><div class=\"fusion-column-wrapper fusion-column-has-shadow fusion-flex-column-wrapper-legacy\"><div class=\"awb-gallery-wrapper awb-gallery-wrapper-2 button-span-no\" style=\"--more-btn-alignment:center;\"><div style=\"margin:-5px;--awb-bordersize:0px;\" class=\"fusion-gallery fusion-gallery-container fusion-grid-3 fusion-columns-total-3 fusion-gallery-layout-grid fusion-gallery-2\"><div style=\"padding:5px;\" class=\"fusion-grid-column fusion-gallery-column fusion-gallery-column-3 hover-type-none\"><div class=\"fusion-gallery-image\"><a href=\"https:\/\/energiedusi.com\/wp-content\/uploads\/2020\/05\/DSCN2821-002.jpg\" rel=\"noreferrer\" data-rel=\"iLightbox[gallery_image_2]\" class=\"fusion-lightbox\" target=\"_self\"><img decoding=\"async\" src=\"https:\/\/energiedusi.com\/wp-content\/uploads\/2020\/05\/DSCN2821-002.jpg\" width=\"853\" height=\"1200\" alt=\"zrozen\u00ed\" title=\"DSCN2821-002\" aria-label=\"DSCN2821-002\" class=\"img-responsive wp-image-127\" srcset=\"https:\/\/energiedusi.com\/wp-content\/uploads\/2020\/05\/DSCN2821-002-200x281.jpg 200w, https:\/\/energiedusi.com\/wp-content\/uploads\/2020\/05\/DSCN2821-002-400x563.jpg 400w, https:\/\/energiedusi.com\/wp-content\/uploads\/2020\/05\/DSCN2821-002-600x844.jpg 600w, https:\/\/energiedusi.com\/wp-content\/uploads\/2020\/05\/DSCN2821-002-800x1125.jpg 800w, https:\/\/energiedusi.com\/wp-content\/uploads\/2020\/05\/DSCN2821-002.jpg 853w\" sizes=\"(min-width: 2200px) 100vw, (min-width: 784px) 363px, (min-width: 712px) 545px, (min-width: 640px) 712px, \" \/><\/a><\/div><\/div><div style=\"padding:5px;\" class=\"fusion-grid-column fusion-gallery-column fusion-gallery-column-3 hover-type-none\"><div class=\"fusion-gallery-image\"><a href=\"https:\/\/energiedusi.com\/wp-content\/uploads\/2020\/05\/Sovicka-II.jpg\" rel=\"noreferrer\" data-rel=\"iLightbox[gallery_image_2]\" class=\"fusion-lightbox\" target=\"_self\"><img decoding=\"async\" src=\"https:\/\/energiedusi.com\/wp-content\/uploads\/2020\/05\/Sovicka-II.jpg\" width=\"538\" height=\"1200\" alt=\"\" title=\"Sovicka-II\" aria-label=\"Sovicka-II\" class=\"img-responsive wp-image-203\" srcset=\"https:\/\/energiedusi.com\/wp-content\/uploads\/2020\/05\/Sovicka-II-200x446.jpg 200w, https:\/\/energiedusi.com\/wp-content\/uploads\/2020\/05\/Sovicka-II-400x892.jpg 400w, https:\/\/energiedusi.com\/wp-content\/uploads\/2020\/05\/Sovicka-II.jpg 538w\" sizes=\"(min-width: 2200px) 100vw, (min-width: 784px) 363px, (min-width: 712px) 545px, (min-width: 640px) 712px, \" \/><\/a><\/div><\/div><div style=\"padding:5px;\" class=\"fusion-grid-column fusion-gallery-column fusion-gallery-column-3 hover-type-none\"><div class=\"fusion-gallery-image\"><a href=\"https:\/\/energiedusi.com\/wp-content\/uploads\/2020\/05\/Trojjedina.jpg\" rel=\"noreferrer\" data-rel=\"iLightbox[gallery_image_2]\" class=\"fusion-lightbox\" target=\"_self\"><img decoding=\"async\" src=\"https:\/\/energiedusi.com\/wp-content\/uploads\/2020\/05\/Trojjedina.jpg\" width=\"755\" height=\"1200\" alt=\"\" title=\"Trojjedina\" aria-label=\"Trojjedina\" class=\"img-responsive wp-image-224\" srcset=\"https:\/\/energiedusi.com\/wp-content\/uploads\/2020\/05\/Trojjedina-200x318.jpg 200w, https:\/\/energiedusi.com\/wp-content\/uploads\/2020\/05\/Trojjedina-400x636.jpg 400w, https:\/\/energiedusi.com\/wp-content\/uploads\/2020\/05\/Trojjedina-600x954.jpg 600w, https:\/\/energiedusi.com\/wp-content\/uploads\/2020\/05\/Trojjedina.jpg 755w\" sizes=\"(min-width: 2200px) 100vw, (min-width: 784px) 363px, (min-width: 712px) 545px, (min-width: 640px) 712px, \" \/><\/a><\/div><\/div><div class=\"clearfix\"><\/div><\/div><\/div><div class=\"fusion-clearfix\"><\/div><\/div><\/div><\/div><\/div><div class=\"fusion-fullwidth fullwidth-box fusion-builder-row-4 has-pattern-background has-mask-background nonhundred-percent-fullwidth non-hundred-percent-height-scrolling\" style=\"--awb-border-radius-top-left:0px;--awb-border-radius-top-right:0px;--awb-border-radius-bottom-right:0px;--awb-border-radius-bottom-left:0px;--awb-margin-top:0px;--awb-flex-wrap:wrap;\" ><div class=\"fusion-builder-row fusion-row\"><div class=\"fusion-layout-column fusion_builder_column fusion-builder-column-4 fusion_builder_column_1_2 1_2 fusion-one-half fusion-column-first\" style=\"--awb-bg-blend:overlay;--awb-bg-size:cover;--awb-margin-bottom:0px;width:48%; margin-right: 4%;\"><div class=\"fusion-column-wrapper fusion-flex-column-wrapper-legacy\"><div class=\"fusion-text fusion-text-3\"><h3>Helena Bur\u0161a Pet\u0159inov\u00e1<\/h3>\n<\/div><div class=\"fusion-text fusion-text-4\"><p style=\"font-weight: 400;\"><strong>WHISPERS OF THE INVISIBLE<\/strong><\/p>\n<p style=\"font-weight: 400;\">\u201cAlready as a little girl, I breathed in <strong>the call of the scent of colours<\/strong>\u2026 like a safe conduct into <strong>the worlds of obsession<\/strong>. Suddenly, the colours shone again precisely where I had just forgotten them.<\/p>\n<p style=\"font-weight: 400;\"><strong>The ocean of associations<\/strong> demanded to speak\u2026 tiny elves danced, <strong>free and unrestrained<\/strong>, in <strong>the dreamlike Higgs field<\/strong>. Released from forced ties and imposed knots\u2026 so distant and yet within reach.<\/p>\n<p style=\"font-weight: 400;\">One of these elves, <strong>Master Monsieur Kleindienst<\/strong> of <strong>the famous Prague school<\/strong>, accompanied me on <strong>my path to freedom<\/strong> within his studio for <strong>eight years<\/strong>.<\/p>\n<p style=\"font-weight: 400;\">My artistic journey then asserted itself on <strong>the international scene:<\/strong> I exhibited my works in <strong>Berlin Mitte<\/strong> as well as <strong>in Venice<\/strong>, at the <strong>prestigious Palazzo Pisani Revedin.<\/strong> In <strong>2024<\/strong>, I coordinated the exhibition <strong>\u201e<em>Little Treasures<\/em>\u201c<\/strong>in <strong>Bologna<\/strong> for my husband Milan, in close collaboration with <strong>curator Paola Trevisan <\/strong>(Trevisan International Art), while also presenting my work <strong>four times<\/strong> at the <strong>Kapuzinerstadl in Deggendorf.<\/strong><\/p>\n<p style=\"font-weight: 400;\">My artistic path was further affirmed through <strong>more than thirty exhibitions<\/strong> and my repeated participations in the <strong>Open Art Fest in Prague.<\/strong> My work was consolidated by a <strong>prestigious presence<\/strong> in the art book published by <strong>Original Gallery<\/strong> (formerly Online Gallery). This volume, printed on luxury paper in 2022, constitutes an <strong>exclusive anthology<\/strong> bringing together <strong>58 selected authors.<\/strong>This edition, limited to <strong>only 999 copies,<\/strong> highlights the <strong>rarity and artistic value<\/strong> of the works presented.<\/p>\n<p style=\"font-weight: 400;\">Based on the website I share with my husband<strong>, I was approached by several international curators,<\/strong> which opened new dialogues and opportunities for me.<\/p>\n<p style=\"font-weight: 400;\">And suddenly, I saw <strong>omnipresent points,<\/strong> a <strong>flash bursting forth<\/strong>\u2026 like a <strong>nocturnal oasis<\/strong> in the desert of thoughts. For painting is not representing the world \u2014 it is <strong>offering it an emergency exit. Welcome to the interval.\u201d<\/strong><\/p>\n<\/div><div class=\"fusion-clearfix\"><\/div><\/div><\/div><div class=\"fusion-layout-column fusion_builder_column fusion-builder-column-5 fusion_builder_column_1_2 1_2 fusion-one-half fusion-column-last\" style=\"--awb-bg-blend:overlay;--awb-bg-size:cover;--awb-margin-bottom:0px;width:48%;\"><div class=\"fusion-column-wrapper fusion-flex-column-wrapper-legacy\"><div class=\"fusion-text fusion-text-5\"><h3>Milan Bur\u0161a<\/h3>\n<\/div><div class=\"fusion-text fusion-text-6\"><p style=\"font-weight: 400;\"><strong>MANIFESTO OF LIGHT AND TIME<\/strong><\/p>\n<p style=\"font-weight: 400;\"><strong>\u201cMy painting is the place where matter confronts the infinite.<\/strong> My path came to rest there, among the hawthorns\u2026 on that trail leading from <strong>Chronos to Kairos<\/strong>, at the level of the <strong>fourth lemma<\/strong>. It is within this <strong>sacred verticality<\/strong> that my visions take form, where colour ceases to be a pigment and becomes a breath \u2014 <strong>an absolute freedom finally within reach.<\/strong><\/p>\n<p style=\"font-weight: 400;\">I shaped my eye and my technique over seven years in the atelier of <strong>Master Halm<\/strong>, a fundamental period of apprenticeship that structured my aesthetic quest. My artistic journey then took root through <strong>more than thirty exhibitions in the Czech Republic<\/strong>, including repeated participations in Prague\u2019s <strong>Open Art Fest<\/strong>. My work was further anchored by a prestigious inclusion in the <strong>2022 art book published by Original Gallery<\/strong>, an exclusive anthology containing <strong>58 selected authors<\/strong>, printed on luxury paper in a limited edition of <strong>999 copies<\/strong>.<\/p>\n<p style=\"font-weight: 400;\">Based on the website I share with my wife, I was approached by several <strong>international curators<\/strong>, which opened new dialogues and opportunities for me.<\/p>\n<p style=\"font-weight: 400;\">My international presence strengthened in 2024 through major exhibitions in <strong>Bologna<\/strong> under the aegis of <strong>Paola Trevisan<\/strong>, and in <strong>Venice<\/strong>, within the prestigious <strong>Palazzo Pisani Revedin<\/strong>. These milestones, complemented by <strong>four presentations at the Kapuzinerstadl in Deggendorf<\/strong>, bear witness to an unceasing quest for <strong>pure light<\/strong>.<\/p>\n<p style=\"font-weight: 400;\">Over the years, I have given words to the <strong>poetry of old Czech cinema<\/strong> for <strong>TV Arte<\/strong>, translating its finest masterpieces for French\u2011speaking audiences.<\/p>\n<p style=\"font-weight: 400;\"><strong>To paint is to offer the gaze an emergency exit, a moment of silence in the midst of the world\u2019s turmoil.<\/strong> <strong>Welcome to the suspended moment.\u201d<\/strong><\/p>\n<\/div><div class=\"fusion-clearfix\"><\/div><\/div><\/div><\/div><\/div><div class=\"fusion-fullwidth fullwidth-box fusion-builder-row-5 nonhundred-percent-fullwidth non-hundred-percent-height-scrolling\" style=\"--awb-border-radius-top-left:0px;--awb-border-radius-top-right:0px;--awb-border-radius-bottom-right:0px;--awb-border-radius-bottom-left:0px;--awb-flex-wrap:wrap;\" ><div class=\"fusion-builder-row fusion-row\"><div class=\"fusion-layout-column fusion_builder_column fusion-builder-column-6 fusion_builder_column_1_1 1_1 fusion-one-full fusion-column-first fusion-column-last\" style=\"--awb-bg-size:cover;\"><div class=\"fusion-column-wrapper fusion-column-has-shadow fusion-flex-column-wrapper-legacy\"><div class=\"fusion-text fusion-text-7\" style=\"--awb-margin-top:20px;\"><p style=\"text-align: center;\">Photos from foreign exhibitions can be found on <strong><span style=\"text-decoration: underline;\"><a href=\"https:\/\/energiedusi.com\/kde-jste-nas-mohli-videt\/\">this page \u2192<\/a><\/span><\/strong><\/p>\n<\/div><div class=\"fusion-clearfix\"><\/div><\/div><\/div><\/div><\/div><\/p>\n","protected":false},"excerpt":{"rendered":"","protected":false},"author":1,"featured_media":0,"parent":0,"menu_order":0,"comment_status":"closed","ping_status":"open","template":"","meta":{"_acf_changed":false,"footnotes":""},"class_list":["post-34","page","type-page","status-publish","hentry"],"acf":[],"_links":{"self":[{"href":"https:\/\/energiedusi.com\/en\/wp-json\/wp\/v2\/pages\/34","targetHints":{"allow":["GET"]}}],"collection":[{"href":"https:\/\/energiedusi.com\/en\/wp-json\/wp\/v2\/pages"}],"about":[{"href":"https:\/\/energiedusi.com\/en\/wp-json\/wp\/v2\/types\/page"}],"author":[{"embeddable":true,"href":"https:\/\/energiedusi.com\/en\/wp-json\/wp\/v2\/users\/1"}],"replies":[{"embeddable":true,"href":"https:\/\/energiedusi.com\/en\/wp-json\/wp\/v2\/comments?post=34"}],"version-history":[{"count":5,"href":"https:\/\/energiedusi.com\/en\/wp-json\/wp\/v2\/pages\/34\/revisions"}],"predecessor-version":[{"id":3590,"href":"https:\/\/energiedusi.com\/en\/wp-json\/wp\/v2\/pages\/34\/revisions\/3590"}],"wp:attachment":[{"href":"https:\/\/energiedusi.com\/en\/wp-json\/wp\/v2\/media?parent=34"}],"curies":[{"name":"wp","href":"https:\/\/api.w.org\/{rel}","templated":true}]}}