{"id":1799,"date":"2023-03-20T10:42:24","date_gmt":"2023-03-20T09:42:24","guid":{"rendered":"https:\/\/energiedusi.com\/?page_id=1799"},"modified":"2026-04-15T14:39:05","modified_gmt":"2026-04-15T12:39:05","slug":"rencontre-quark-lepton","status":"publish","type":"page","link":"https:\/\/energiedusi.com\/fr\/des-photos\/helena-petrinova\/rencontre-quark-lepton\/","title":{"rendered":"RENCONTRE QUARK-LEPTON"},"content":{"rendered":"<div class=\"fusion-fullwidth fullwidth-box fusion-builder-row-1 nonhundred-percent-fullwidth non-hundred-percent-height-scrolling\" style=\"--awb-border-radius-top-left:0px;--awb-border-radius-top-right:0px;--awb-border-radius-bottom-right:0px;--awb-border-radius-bottom-left:0px;--awb-flex-wrap:wrap;\" ><div class=\"fusion-builder-row fusion-row\"><div class=\"fusion-layout-column fusion_builder_column fusion-builder-column-0 fusion_builder_column_1_2 1_2 fusion-one-half fusion-column-first\" style=\"--awb-bg-size:cover;width:50%;width:calc(50% - ( ( 4% ) * 0.5 ) );margin-right: 4%;\"><div class=\"fusion-column-wrapper fusion-column-has-shadow fusion-flex-column-wrapper-legacy\"><div class=\"fusion-image-element in-legacy-container\" style=\"--awb-caption-title-font-family:var(--h2_typography-font-family);--awb-caption-title-font-weight:var(--h2_typography-font-weight);--awb-caption-title-font-style:var(--h2_typography-font-style);--awb-caption-title-size:var(--h2_typography-font-size);--awb-caption-title-transform:var(--h2_typography-text-transform);--awb-caption-title-line-height:var(--h2_typography-line-height);--awb-caption-title-letter-spacing:var(--h2_typography-letter-spacing);\"><span class=\" fusion-imageframe imageframe-none imageframe-1 hover-type-none\"><a href=\"https:\/\/energiedusi.com\/wp-content\/uploads\/2023\/03\/Setkani-Kvarku-s-Leptonem-s60xv70cm.jpg\" class=\"fusion-lightbox\" data-rel=\"iLightbox[dc15782c25df952d11d]\" data-caption=\"H.B.P. Setk\u00e1n\u00ed Kvarku s Leptonem, \u0161.60 x v70cm, akryl, strukturovac\u00ed pasta, blindr\u00e1m\" data-title=\"Setk\u00e1n\u00ed Kvarku s Leptonem \u016160xv70cm\" title=\"Setk\u00e1n\u00ed Kvarku s Leptonem \u016160xv70cm\"><img decoding=\"async\" width=\"1350\" height=\"1629\" src=\"https:\/\/energiedusi.com\/wp-content\/uploads\/2023\/03\/Setkani-Kvarku-s-Leptonem-s60xv70cm.jpg\" alt class=\"img-responsive wp-image-1793\" srcset=\"https:\/\/energiedusi.com\/wp-content\/uploads\/2023\/03\/Setkani-Kvarku-s-Leptonem-s60xv70cm-200x241.jpg 200w, https:\/\/energiedusi.com\/wp-content\/uploads\/2023\/03\/Setkani-Kvarku-s-Leptonem-s60xv70cm-400x483.jpg 400w, https:\/\/energiedusi.com\/wp-content\/uploads\/2023\/03\/Setkani-Kvarku-s-Leptonem-s60xv70cm-600x724.jpg 600w, https:\/\/energiedusi.com\/wp-content\/uploads\/2023\/03\/Setkani-Kvarku-s-Leptonem-s60xv70cm-800x965.jpg 800w, https:\/\/energiedusi.com\/wp-content\/uploads\/2023\/03\/Setkani-Kvarku-s-Leptonem-s60xv70cm-1200x1448.jpg 1200w, https:\/\/energiedusi.com\/wp-content\/uploads\/2023\/03\/Setkani-Kvarku-s-Leptonem-s60xv70cm.jpg 1350w\" sizes=\"(max-width: 800px) 100vw, 600px\" \/><\/a><\/span><\/div><div class=\"fusion-sep-clear\"><\/div><div class=\"fusion-separator fusion-full-width-sep\" style=\"margin-left: auto;margin-right: auto;margin-top:30px;width:100%;\"><div class=\"fusion-separator-border sep-double\" style=\"--awb-height:20px;--awb-amount:20px;border-color:#e0dede;border-top-width:0px;border-bottom-width:0px;\"><\/div><\/div><div class=\"fusion-sep-clear\"><\/div><div class=\"fusion-image-element in-legacy-container\" style=\"--awb-caption-title-font-family:var(--h2_typography-font-family);--awb-caption-title-font-weight:var(--h2_typography-font-weight);--awb-caption-title-font-style:var(--h2_typography-font-style);--awb-caption-title-size:var(--h2_typography-font-size);--awb-caption-title-transform:var(--h2_typography-text-transform);--awb-caption-title-line-height:var(--h2_typography-line-height);--awb-caption-title-letter-spacing:var(--h2_typography-letter-spacing);\"><span class=\" fusion-imageframe imageframe-none imageframe-2 hover-type-none\"><a href=\"https:\/\/energiedusi.com\/wp-content\/uploads\/2023\/03\/Setkani-Kvarku-s-Leptonem-s60xv70cm-detail.jpg\" class=\"fusion-lightbox\" data-rel=\"iLightbox[c9e0f02a4325ec7e4ed]\" data-caption=\"Kvark, detail 1\" data-title=\"Kvark, detail 1\" title=\"Kvark, detail 1\"><img decoding=\"async\" width=\"2293\" height=\"1569\" src=\"https:\/\/energiedusi.com\/wp-content\/uploads\/2023\/03\/Setkani-Kvarku-s-Leptonem-s60xv70cm-detail.jpg\" alt class=\"img-responsive wp-image-1795\" srcset=\"https:\/\/energiedusi.com\/wp-content\/uploads\/2023\/03\/Setkani-Kvarku-s-Leptonem-s60xv70cm-detail-200x137.jpg 200w, https:\/\/energiedusi.com\/wp-content\/uploads\/2023\/03\/Setkani-Kvarku-s-Leptonem-s60xv70cm-detail-400x274.jpg 400w, https:\/\/energiedusi.com\/wp-content\/uploads\/2023\/03\/Setkani-Kvarku-s-Leptonem-s60xv70cm-detail-600x411.jpg 600w, https:\/\/energiedusi.com\/wp-content\/uploads\/2023\/03\/Setkani-Kvarku-s-Leptonem-s60xv70cm-detail-800x547.jpg 800w, https:\/\/energiedusi.com\/wp-content\/uploads\/2023\/03\/Setkani-Kvarku-s-Leptonem-s60xv70cm-detail-1200x821.jpg 1200w, https:\/\/energiedusi.com\/wp-content\/uploads\/2023\/03\/Setkani-Kvarku-s-Leptonem-s60xv70cm-detail.jpg 2293w\" sizes=\"(max-width: 800px) 100vw, 600px\" \/><\/a><\/span><\/div><div class=\"fusion-clearfix\"><\/div><\/div><\/div><div class=\"fusion-layout-column fusion_builder_column fusion-builder-column-1 fusion_builder_column_1_2 1_2 fusion-one-half fusion-column-last\" style=\"--awb-bg-size:cover;width:50%;width:calc(50% - ( ( 4% ) * 0.5 ) );\"><div class=\"fusion-column-wrapper fusion-column-has-shadow fusion-flex-column-wrapper-legacy\"><div class=\"fusion-text fusion-text-1\"><h3>RENCONTRE QUARK-LEPTON<br \/>\nHelena Pet\u0159inov\u00e1,\u00a0acrylic, blindframe, 60&#215;70 cm<\/h3>\n<\/div><div class=\"fusion-text fusion-text-2\"><h3>Prix: Sur demande<\/h3>\n<\/div>\n<div class=\"fusion-sep-clear\"><\/div><div class=\"fusion-separator fusion-full-width-sep\" style=\"margin-left: auto;margin-right: auto;margin-top:15px;width:100%;\"><div class=\"fusion-separator-border sep-double\" style=\"--awb-height:20px;--awb-amount:20px;--awb-sep-color:rgba(224,222,222,0);border-color:rgba(224,222,222,0);border-top-width:0px;border-bottom-width:0px;\"><\/div><\/div><div class=\"fusion-sep-clear\"><\/div><div class=\"fusion-sep-clear\"><\/div><div class=\"fusion-separator fusion-full-width-sep\" style=\"margin-left: auto;margin-right: auto;margin-top:60px;width:100%;\"><div class=\"fusion-separator-border sep-double\" style=\"--awb-height:20px;--awb-amount:20px;--awb-sep-color:rgba(224,222,222,0);border-color:rgba(224,222,222,0);border-top-width:0px;border-bottom-width:0px;\"><\/div><\/div><div class=\"fusion-sep-clear\"><\/div><div class=\"fusion-button-wrapper\"><a class=\"fusion-button button-flat fusion-button-default-size button-custom fusion-button-default button-1 fusion-button-default-span fusion-button-default-type fusion-has-button-gradient\" style=\"--button_accent_color:#ffffff;--button_border_color:#d13321;--button_accent_hover_color:#d13321;--button_border_hover_color:#d13321;--button_border_width-top:2px;--button_border_width-right:2px;--button_border_width-bottom:2px;--button_border_width-left:2px;--button_gradient_top_color:rgba(209,51,33,0.85);--button_gradient_bottom_color:#d13321;--button_gradient_top_color_hover:#ffffff;--button_gradient_bottom_color_hover:#ffffff;\" target=\"_self\" href=\"https:\/\/energiedusi.com\/fr\/les-contacts\/\"><span class=\"fusion-button-text awb-button__text awb-button__text--default\">Acheter<\/span><i class=\"fa-arrow-right fas awb-button__icon awb-button__icon--default button-icon-right\" aria-hidden=\"true\"><\/i><\/a><\/div>\n<div class=\"fusion-sep-clear\"><\/div><div class=\"fusion-separator fusion-full-width-sep\" style=\"margin-left: auto;margin-right: auto;margin-top:42px;width:100%;\"><div class=\"fusion-separator-border sep-double\" style=\"--awb-height:20px;--awb-amount:20px;--awb-sep-color:rgba(224,222,222,0);border-color:rgba(224,222,222,0);border-top-width:0px;border-bottom-width:0px;\"><\/div><\/div><div class=\"fusion-sep-clear\"><\/div><div class=\"fusion-button-wrapper\"><a class=\"fusion-button button-flat fusion-button-default-size button-custom fusion-button-default button-2 fusion-button-default-span fusion-button-default-type fusion-has-button-gradient\" style=\"--button_accent_color:#d13321;--button_border_color:#d13321;--button_accent_hover_color:#ffffff;--button_border_hover_color:#d13321;--button_border_width-top:2px;--button_border_width-right:2px;--button_border_width-bottom:2px;--button_border_width-left:2px;--button_gradient_top_color:rgba(255,255,255,0.85);--button_gradient_bottom_color:#ffffff;--button_gradient_top_color_hover:#d13321;--button_gradient_bottom_color_hover:#d13321;\" target=\"_self\" href=\"https:\/\/energiedusi.com\/fr\/des-photos\/\"><i class=\"fa-arrow-left fas awb-button__icon awb-button__icon--default button-icon-left\" aria-hidden=\"true\"><\/i><span class=\"fusion-button-text awb-button__text awb-button__text--default\">Retour dans la galerie<\/span><\/a><\/div>\n<div class=\"fusion-sep-clear\"><\/div><div class=\"fusion-separator fusion-full-width-sep\" style=\"margin-left: auto;margin-right: auto;margin-top:21px;width:100%;\"><div class=\"fusion-separator-border sep-double\" style=\"--awb-height:20px;--awb-amount:20px;--awb-sep-color:rgba(224,222,222,0);border-color:rgba(224,222,222,0);border-top-width:0px;border-bottom-width:0px;\"><\/div><\/div><div class=\"fusion-sep-clear\"><\/div><div class=\"fusion-sep-clear\"><\/div><div class=\"fusion-separator fusion-full-width-sep\" style=\"margin-left: auto;margin-right: auto;margin-top:21px;width:100%;\"><div class=\"fusion-separator-border sep-double\" style=\"--awb-height:20px;--awb-amount:20px;--awb-sep-color:rgba(224,222,222,0);border-color:rgba(224,222,222,0);border-top-width:0px;border-bottom-width:0px;\"><\/div><\/div><div class=\"fusion-sep-clear\"><\/div><div class=\"fusion-clearfix\"><\/div><\/div><\/div><\/div><\/div>\n","protected":false},"excerpt":{"rendered":"","protected":false},"author":1,"featured_media":0,"parent":502,"menu_order":0,"comment_status":"closed","ping_status":"closed","template":"","meta":{"_acf_changed":false,"footnotes":""},"class_list":["post-1799","page","type-page","status-publish","hentry"],"acf":[],"_links":{"self":[{"href":"https:\/\/energiedusi.com\/fr\/wp-json\/wp\/v2\/pages\/1799","targetHints":{"allow":["GET"]}}],"collection":[{"href":"https:\/\/energiedusi.com\/fr\/wp-json\/wp\/v2\/pages"}],"about":[{"href":"https:\/\/energiedusi.com\/fr\/wp-json\/wp\/v2\/types\/page"}],"author":[{"embeddable":true,"href":"https:\/\/energiedusi.com\/fr\/wp-json\/wp\/v2\/users\/1"}],"replies":[{"embeddable":true,"href":"https:\/\/energiedusi.com\/fr\/wp-json\/wp\/v2\/comments?post=1799"}],"version-history":[{"count":6,"href":"https:\/\/energiedusi.com\/fr\/wp-json\/wp\/v2\/pages\/1799\/revisions"}],"predecessor-version":[{"id":3613,"href":"https:\/\/energiedusi.com\/fr\/wp-json\/wp\/v2\/pages\/1799\/revisions\/3613"}],"up":[{"embeddable":true,"href":"https:\/\/energiedusi.com\/fr\/wp-json\/wp\/v2\/pages\/502"}],"wp:attachment":[{"href":"https:\/\/energiedusi.com\/fr\/wp-json\/wp\/v2\/media?parent=1799"}],"curies":[{"name":"wp","href":"https:\/\/api.w.org\/{rel}","templated":true}]}}