{"id":262,"date":"2020-05-15T20:35:28","date_gmt":"2020-05-15T18:35:28","guid":{"rendered":"https:\/\/energiedusi.com\/?page_id=262"},"modified":"2026-01-26T07:51:52","modified_gmt":"2026-01-26T06:51:52","slug":"hlavni-strana","status":"publish","type":"page","link":"https:\/\/energiedusi.com\/fr\/","title":{"rendered":"Sur les auteurs"},"content":{"rendered":"<p><div class=\"fusion-fullwidth fullwidth-box fusion-builder-row-1 nonhundred-percent-fullwidth non-hundred-percent-height-scrolling\" style=\"--awb-border-radius-top-left:0px;--awb-border-radius-top-right:0px;--awb-border-radius-bottom-right:0px;--awb-border-radius-bottom-left:0px;--awb-flex-wrap:wrap;\" ><div class=\"fusion-builder-row fusion-row\"><div class=\"fusion-layout-column fusion_builder_column fusion-builder-column-0 fusion_builder_column_1_1 1_1 fusion-one-full fusion-column-first fusion-column-last\" style=\"--awb-bg-blend:overlay;--awb-bg-size:cover;--awb-margin-bottom:0px;\"><div class=\"fusion-column-wrapper fusion-flex-column-wrapper-legacy\"><div class=\"fusion-text fusion-text-1\"><p style=\"text-align: center;\"><strong>Toutes les peintures ont leurs propres secrets, de l\u2019\u00e9nerg de la force, peuvent faire pire ou bien amener a une pens\u00e9e chaque tableau devrait trouver son \u00abpropri\u00e9taire\u00bb. On peut dire aussi, qu\u2019il trouvera une personne pour laquelle il sera un bon guide,<\/strong><\/p>\n<\/div><div class=\"fusion-clearfix\"><\/div><\/div><\/div><\/div><\/div><div class=\"fusion-fullwidth fullwidth-box fusion-builder-row-2 nonhundred-percent-fullwidth non-hundred-percent-height-scrolling\" style=\"--awb-border-radius-top-left:0px;--awb-border-radius-top-right:0px;--awb-border-radius-bottom-right:0px;--awb-border-radius-bottom-left:0px;--awb-flex-wrap:wrap;\" ><div class=\"fusion-builder-row fusion-row\"><div class=\"fusion-layout-column fusion_builder_column fusion-builder-column-1 fusion_builder_column_1_1 1_1 fusion-one-full fusion-column-first fusion-column-last\" style=\"--awb-bg-blend:overlay;--awb-bg-size:cover;--awb-margin-bottom:0px;\"><div class=\"fusion-column-wrapper fusion-flex-column-wrapper-legacy\"><div class=\"fusion-text fusion-text-2\"><h2 style=\"text-align: center;\">Sur les auteurs<\/h2>\n<\/div><div class=\"fusion-clearfix\"><\/div><\/div><\/div><\/div><\/div><div class=\"fusion-fullwidth fullwidth-box fusion-builder-row-3 has-pattern-background has-mask-background nonhundred-percent-fullwidth non-hundred-percent-height-scrolling fusion-equal-height-columns\" style=\"--awb-border-radius-top-left:0px;--awb-border-radius-top-right:0px;--awb-border-radius-bottom-right:0px;--awb-border-radius-bottom-left:0px;--awb-flex-wrap:wrap;\" ><div class=\"fusion-builder-row fusion-row\"><div class=\"fusion-layout-column fusion_builder_column fusion-builder-column-2 fusion_builder_column_1_2 1_2 fusion-one-half fusion-column-first\" style=\"--awb-padding-right:30px;--awb-padding-left:30px;--awb-bg-size:cover;width:50%;width:calc(50% - ( ( 4% ) * 0.5 ) );margin-right: 4%;\"><div class=\"fusion-column-wrapper fusion-column-has-shadow fusion-flex-column-wrapper-legacy\"><div class=\"awb-gallery-wrapper awb-gallery-wrapper-1 button-span-no\" style=\"--more-btn-alignment:center;\"><div style=\"margin:-5px;--awb-bordersize:0px;\" class=\"fusion-gallery fusion-gallery-container fusion-grid-3 fusion-columns-total-3 fusion-gallery-layout-grid fusion-gallery-1\"><div style=\"padding:5px;\" class=\"fusion-grid-column fusion-gallery-column fusion-gallery-column-3 hover-type-none\"><div class=\"fusion-gallery-image\"><a rel=\"noreferrer\" data-rel=\"iLightbox[gallery_image_1]\" class=\"fusion-lightbox\" target=\"_self\"><img decoding=\"async\" src=\"\" width=\"\" height=\"\" alt=\"\" title=\"\" aria-label=\"\" class=\"img-responsive wp-image-214\"  \/><\/a><\/div><\/div><div style=\"padding:5px;\" class=\"fusion-grid-column fusion-gallery-column fusion-gallery-column-3 hover-type-none\"><div class=\"fusion-gallery-image\"><a href=\"https:\/\/energiedusi.com\/wp-content\/uploads\/2020\/05\/Zasnena.jpg\" rel=\"noreferrer\" data-rel=\"iLightbox[gallery_image_1]\" class=\"fusion-lightbox\" target=\"_self\"><img decoding=\"async\" src=\"https:\/\/energiedusi.com\/wp-content\/uploads\/2020\/05\/Zasnena.jpg\" width=\"577\" height=\"1200\" alt=\"\" title=\"LA REVEUSE, HP\" aria-label=\"LA REVEUSE, HP\" class=\"img-responsive wp-image-228\" srcset=\"https:\/\/energiedusi.com\/wp-content\/uploads\/2020\/05\/Zasnena-200x416.jpg 200w, https:\/\/energiedusi.com\/wp-content\/uploads\/2020\/05\/Zasnena-400x832.jpg 400w, https:\/\/energiedusi.com\/wp-content\/uploads\/2020\/05\/Zasnena.jpg 577w\" sizes=\"(min-width: 2200px) 100vw, (min-width: 784px) 363px, (min-width: 712px) 545px, (min-width: 640px) 712px, \" \/><\/a><\/div><\/div><div style=\"padding:5px;\" class=\"fusion-grid-column fusion-gallery-column fusion-gallery-column-3 hover-type-none\"><div class=\"fusion-gallery-image\"><a href=\"https:\/\/energiedusi.com\/wp-content\/uploads\/2020\/05\/Skritek-Kobold.jpg\" rel=\"noreferrer\" data-rel=\"iLightbox[gallery_image_1]\" class=\"fusion-lightbox\" target=\"_self\"><img decoding=\"async\" src=\"https:\/\/energiedusi.com\/wp-content\/uploads\/2020\/05\/Skritek-Kobold.jpg\" width=\"720\" height=\"1280\" alt=\"\" title=\"LE NAIN KOBOLD, HP\" aria-label=\"LE NAIN KOBOLD, HP\" class=\"img-responsive wp-image-248\" srcset=\"https:\/\/energiedusi.com\/wp-content\/uploads\/2020\/05\/Skritek-Kobold-200x356.jpg 200w, https:\/\/energiedusi.com\/wp-content\/uploads\/2020\/05\/Skritek-Kobold-400x711.jpg 400w, https:\/\/energiedusi.com\/wp-content\/uploads\/2020\/05\/Skritek-Kobold-600x1067.jpg 600w, https:\/\/energiedusi.com\/wp-content\/uploads\/2020\/05\/Skritek-Kobold.jpg 720w\" sizes=\"(min-width: 2200px) 100vw, (min-width: 784px) 363px, (min-width: 712px) 545px, (min-width: 640px) 712px, \" \/><\/a><\/div><\/div><div class=\"clearfix\"><\/div><\/div><\/div><div class=\"fusion-clearfix\"><\/div><\/div><\/div><div class=\"fusion-layout-column fusion_builder_column fusion-builder-column-3 fusion_builder_column_1_2 1_2 fusion-one-half fusion-column-last\" style=\"--awb-padding-right:30px;--awb-padding-left:30px;--awb-bg-size:cover;width:50%;width:calc(50% - ( ( 4% ) * 0.5 ) );\"><div class=\"fusion-column-wrapper fusion-column-has-shadow fusion-flex-column-wrapper-legacy\"><div class=\"awb-gallery-wrapper awb-gallery-wrapper-2 button-span-no\" style=\"--more-btn-alignment:center;\"><div style=\"margin:-5px;--awb-bordersize:0px;\" class=\"fusion-gallery fusion-gallery-container fusion-grid-3 fusion-columns-total-3 fusion-gallery-layout-grid fusion-gallery-2\"><div style=\"padding:5px;\" class=\"fusion-grid-column fusion-gallery-column fusion-gallery-column-3 hover-type-none\"><div class=\"fusion-gallery-image\"><a href=\"https:\/\/energiedusi.com\/wp-content\/uploads\/2020\/05\/DSCN2821-002.jpg\" rel=\"noreferrer\" data-rel=\"iLightbox[gallery_image_2]\" class=\"fusion-lightbox\" target=\"_self\"><img decoding=\"async\" src=\"https:\/\/energiedusi.com\/wp-content\/uploads\/2020\/05\/DSCN2821-002.jpg\" width=\"853\" height=\"1200\" alt=\"zrozen\u00ed\" title=\"DSCN2821-002\" aria-label=\"DSCN2821-002\" class=\"img-responsive wp-image-128\" srcset=\"https:\/\/energiedusi.com\/wp-content\/uploads\/2020\/05\/DSCN2821-002-200x281.jpg 200w, https:\/\/energiedusi.com\/wp-content\/uploads\/2020\/05\/DSCN2821-002-400x563.jpg 400w, https:\/\/energiedusi.com\/wp-content\/uploads\/2020\/05\/DSCN2821-002-600x844.jpg 600w, https:\/\/energiedusi.com\/wp-content\/uploads\/2020\/05\/DSCN2821-002-800x1125.jpg 800w, https:\/\/energiedusi.com\/wp-content\/uploads\/2020\/05\/DSCN2821-002.jpg 853w\" sizes=\"(min-width: 2200px) 100vw, (min-width: 784px) 363px, (min-width: 712px) 545px, (min-width: 640px) 712px, \" \/><\/a><\/div><\/div><div style=\"padding:5px;\" class=\"fusion-grid-column fusion-gallery-column fusion-gallery-column-3 hover-type-none\"><div class=\"fusion-gallery-image\"><a href=\"https:\/\/energiedusi.com\/wp-content\/uploads\/2020\/05\/Sovicka-II.jpg\" rel=\"noreferrer\" data-rel=\"iLightbox[gallery_image_2]\" class=\"fusion-lightbox\" target=\"_self\"><img decoding=\"async\" src=\"https:\/\/energiedusi.com\/wp-content\/uploads\/2020\/05\/Sovicka-II.jpg\" width=\"538\" height=\"1200\" alt=\"\" title=\"LA PETITE CHOUETTE II, MB\" aria-label=\"LA PETITE CHOUETTE II, MB\" class=\"img-responsive wp-image-204\" srcset=\"https:\/\/energiedusi.com\/wp-content\/uploads\/2020\/05\/Sovicka-II-200x446.jpg 200w, https:\/\/energiedusi.com\/wp-content\/uploads\/2020\/05\/Sovicka-II-400x892.jpg 400w, https:\/\/energiedusi.com\/wp-content\/uploads\/2020\/05\/Sovicka-II.jpg 538w\" sizes=\"(min-width: 2200px) 100vw, (min-width: 784px) 363px, (min-width: 712px) 545px, (min-width: 640px) 712px, \" \/><\/a><\/div><\/div><div style=\"padding:5px;\" class=\"fusion-grid-column fusion-gallery-column fusion-gallery-column-3 hover-type-none\"><div class=\"fusion-gallery-image\"><a href=\"https:\/\/energiedusi.com\/wp-content\/uploads\/2020\/05\/Trojjedina.jpg\" rel=\"noreferrer\" data-rel=\"iLightbox[gallery_image_2]\" class=\"fusion-lightbox\" target=\"_self\"><img decoding=\"async\" src=\"https:\/\/energiedusi.com\/wp-content\/uploads\/2020\/05\/Trojjedina.jpg\" width=\"755\" height=\"1200\" alt=\"\" title=\"LA TRINITAIRE, MB\" aria-label=\"LA TRINITAIRE, MB\" class=\"img-responsive wp-image-225\" srcset=\"https:\/\/energiedusi.com\/wp-content\/uploads\/2020\/05\/Trojjedina-200x318.jpg 200w, https:\/\/energiedusi.com\/wp-content\/uploads\/2020\/05\/Trojjedina-400x636.jpg 400w, https:\/\/energiedusi.com\/wp-content\/uploads\/2020\/05\/Trojjedina-600x954.jpg 600w, https:\/\/energiedusi.com\/wp-content\/uploads\/2020\/05\/Trojjedina.jpg 755w\" sizes=\"(min-width: 2200px) 100vw, (min-width: 784px) 363px, (min-width: 712px) 545px, (min-width: 640px) 712px, \" \/><\/a><\/div><\/div><div class=\"clearfix\"><\/div><\/div><\/div><div class=\"fusion-clearfix\"><\/div><\/div><\/div><\/div><\/div>\n<div class=\"fusion-fullwidth fullwidth-box fusion-builder-row-4 has-pattern-background has-mask-background nonhundred-percent-fullwidth non-hundred-percent-height-scrolling fusion-equal-height-columns\" style=\"--awb-border-radius-top-left:0px;--awb-border-radius-top-right:0px;--awb-border-radius-bottom-right:0px;--awb-border-radius-bottom-left:0px;--awb-flex-wrap:wrap;\" ><div class=\"fusion-builder-row fusion-row\"><div class=\"fusion-layout-column fusion_builder_column fusion-builder-column-4 fusion_builder_column_1_2 1_2 fusion-one-half fusion-column-first\" style=\"--awb-bg-blend:overlay;--awb-bg-size:cover;--awb-margin-bottom:0px;width:48%; margin-right: 4%;\"><div class=\"fusion-column-wrapper fusion-flex-column-wrapper-legacy\"><div class=\"fusion-text fusion-text-3\"><h3>Helena Bur\u0161a Pet\u0159inov\u00e1<\/h3>\n<\/div><div class=\"fusion-text fusion-text-4\"><p style=\"font-weight: 400;\"><strong>MURMURES DE L\u2019INVISIBLE<\/strong><\/p>\n<p style=\"font-weight: 400;\">\u00ab <strong>D\u00e9j\u00e0 petite fille, je humais l\u2019appel du parfum des couleurs\u2026<\/strong> tel un sauf\u2011conduit vers les mondes de l\u2019obsession. Soudain, les couleurs resplendissent l\u00e0 m\u00eame o\u00f9 venait de les oublier.<\/p>\n<p style=\"font-weight: 400;\">L\u2019oc\u00e9an des associations r\u00e9clame la parole\u2026 de <strong>petits elfes dansent, libres et d\u00e9cha\u00een\u00e9s<\/strong>, dans le <strong>champ de Higgs onirique<\/strong>. D\u00e9livr\u00e9s des liens forc\u00e9s et des n\u0153uds impos\u00e9s\u2026 si lointains et pourtant \u00e0 port\u00e9e de main.<\/p>\n<p style=\"font-weight: 400;\">L\u2019un de ces elfes, <strong>Ma\u00eetre Monsieur Kleindienst<\/strong>, de la c\u00e9l\u00e8bre \u00e9cole de Prague, m\u2019a accompagn\u00e9e sur mon chemin de libert\u00e9 au sein de son atelier pendant <strong>huit ans<\/strong>.<\/p>\n<p style=\"font-weight: 400;\">Mon parcours artistique s\u2019est ensuite affirm\u00e9 sur la sc\u00e8ne internationale : j\u2019ai expos\u00e9 mes \u0153uvres \u00e0 <strong>Berlin Mitte<\/strong> ainsi qu\u2019\u00e0 <strong>Venise<\/strong>, au prestigieux <strong>Palazzo Pisani Revedin<\/strong>. En <strong>2024<\/strong>, j\u2019ai coordonn\u00e9 l\u2019exposition <strong>\u00ab Little Treasures \u00bb \u00e0 Bologne<\/strong> pour mon mari Milan, en \u00e9troite collaboration avec la commissaire <strong>Paola Trevisan<\/strong> (Trevisan International Art), tout en pr\u00e9sentant mon travail <strong>\u00e0 quatre reprises au Kapuzinerstadl de Deggendorf<\/strong>.<\/p>\n<p style=\"font-weight: 400;\">Sur la base du site web que je partage avec mon mari, j\u2019ai \u00e9t\u00e9 contact\u00e9e par plusieurs <strong>commissaires \u00e9trangers<\/strong>, ouvrant de nouveaux dialogues et de nouvelles opportunit\u00e9s, approfondissant encore les <strong>r\u00e9sonances internationales<\/strong> de mon travail.<\/p>\n<p style=\"font-weight: 400;\">Mon parcours artistique s\u2019est ensuite affirm\u00e9 \u00e0 travers <strong>plus de trente expositions<\/strong> et mes participations r\u00e9p\u00e9t\u00e9es \u00e0 l\u2019<strong>Open Art Fest de Prague<\/strong>. Mon travail a \u00e9t\u00e9 p\u00e9rennis\u00e9 par une pr\u00e9sence prestigieuse dans le <strong>livre d\u2019art publi\u00e9 par Original Gallery<\/strong> (anciennement Online Gallery). Cet ouvrage, \u00e9dit\u00e9 sur papier de luxe en <strong>2022<\/strong>, constitue une anthologie exclusive regroupant <strong>58 auteurs s\u00e9lectionn\u00e9s<\/strong>. Cette \u00e9dition limit\u00e9e \u00e0 <strong>999 exemplaires<\/strong> souligne la raret\u00e9 et la valeur artistique des \u0153uvres pr\u00e9sent\u00e9es.<\/p>\n<p style=\"font-weight: 400;\">Et soudain, j\u2019ai vu <strong>des points omnipr\u00e9sents<\/strong>, un <strong>\u00e9clair jaillissant<\/strong>\u2026 telle une oasis nocturne dans le d\u00e9sert des pens\u00e9es. Car <strong>peindre n\u2019est pas repr\u00e9senter le monde, c\u2019est lui donner une issue de secours.<\/strong> <strong>Bienvenue dans l\u2019intervalle. \u00bb<\/strong><\/p>\n<\/div><div class=\"fusion-clearfix\"><\/div><\/div><\/div><div class=\"fusion-layout-column fusion_builder_column fusion-builder-column-5 fusion_builder_column_1_2 1_2 fusion-one-half fusion-column-last\" style=\"--awb-bg-blend:overlay;--awb-bg-size:cover;--awb-margin-bottom:0px;width:48%;\"><div class=\"fusion-column-wrapper fusion-flex-column-wrapper-legacy\"><div class=\"fusion-text fusion-text-5\"><h3>Milan Bur\u0161a<\/h3>\n<\/div><div class=\"fusion-text fusion-text-6\"><p style=\"font-weight: 400;\"><strong>MANIFESTE DE LA LUMI\u00c8RE ET DU TEMPS<\/strong><\/p>\n<p style=\"font-weight: 400;\">\u00ab <strong>Ma peinture est le lieu de confrontation entre la mati\u00e8re et l\u2019infini.<\/strong> Mon chemin s\u2019est arr\u00eat\u00e9 l\u00e0, aupr\u00e8s des aub\u00e9pines\u2026 ce sentier menant du <strong>Chronos vers le Kairos<\/strong>, au niveau du <strong>quatri\u00e8me lemme<\/strong>. C\u2019est dans cette <strong>verticalit\u00e9 sacr\u00e9e<\/strong> que mes visions se mat\u00e9rialisent, l\u00e0 o\u00f9 la couleur cesse d\u2019\u00eatre un pigment pour devenir un souffle, <strong>une libert\u00e9 absolue enfin \u00e0 port\u00e9e de main.<\/strong><\/p>\n<p style=\"font-weight: 400;\">J\u2019ai forg\u00e9 mon regard et ma technique durant <strong>sept ann\u00e9es au sein de l\u2019atelier du ma\u00eetre Halm<\/strong>, une p\u00e9riode d\u2019apprentissage fondamentale qui a structur\u00e9 ma qu\u00eate esth\u00e9tique. Mon parcours artistique s\u2019est ensuite affirm\u00e9 \u00e0 travers <strong>plus de trente expositions en R\u00e9publique tch\u00e8que<\/strong>, dont mes participations r\u00e9p\u00e9t\u00e9es \u00e0 l\u2019<strong>Open Art Fest de Prague<\/strong>. Mon travail a \u00e9t\u00e9 p\u00e9rennis\u00e9 par une pr\u00e9sence prestigieuse dans le <strong>livre d\u2019art publi\u00e9 par Original Gallery<\/strong>. Cet ouvrage, \u00e9dit\u00e9 sur papier de luxe en <strong>2022<\/strong>, constitue une anthologie exclusive regroupant <strong>58 auteurs s\u00e9lectionn\u00e9s<\/strong>. Cette \u00e9dition limit\u00e9e \u00e0 <strong>999 exemplaires<\/strong> souligne la raret\u00e9 et la valeur artistique des \u0153uvres pr\u00e9sent\u00e9es.<\/p>\n<p style=\"font-weight: 400;\">Sur la base du site web que je partage avec mon \u00e9pouse, j\u2019ai \u00e9t\u00e9 contact\u00e9 par plusieurs <strong>commissaires \u00e9trangers<\/strong>, ce qui a ouvert de nouveaux dialogues et de nouvelles opportunit\u00e9s, renfor\u00e7ant encore l\u2019\u00e9lan international de mon travail.<\/p>\n<p style=\"font-weight: 400;\">Mon rayonnement international s\u2019est consolid\u00e9 en <strong>2024<\/strong> par des expositions majeures \u00e0 <strong>Bologne<\/strong>, sous l\u2019\u00e9gide de <strong>Paola Trevisan<\/strong>, ainsi qu\u2019\u00e0 <strong>Venise<\/strong>, au sein du prestigieux <strong>Palazzo Pisani Revedin<\/strong>. Ces \u00e9tapes, compl\u00e9t\u00e9es par mes pr\u00e9sentations au <strong>Kapuzinerstadl de Deggendorf<\/strong> \u00e0 quatre reprises, t\u00e9moignent d\u2019une qu\u00eate incessante de la <strong>lumi\u00e8re pure<\/strong>.<\/p>\n<p style=\"font-weight: 400;\">Au fil des ann\u00e9es, j\u2019ai mis en mots pour <strong>TV Arte<\/strong> la po\u00e9sie du <strong>vieux cin\u00e9ma tch\u00e8que<\/strong>, traduisant ses plus beaux chefs\u2011d\u2019\u0153uvre pour le public francophone.<\/p>\n<p style=\"font-weight: 400;\"><strong>Peindre, c\u2019est offrir au regard une issue de secours, un intervalle de silence au milieu du tumulte du monde.<\/strong> <strong>Bienvenue dans l\u2019instant suspendu. \u00bb<\/strong><\/p>\n<\/div><div class=\"fusion-clearfix\"><\/div><\/div><\/div><\/div><\/div><div class=\"fusion-fullwidth fullwidth-box fusion-builder-row-5 nonhundred-percent-fullwidth non-hundred-percent-height-scrolling\" style=\"--awb-border-radius-top-left:0px;--awb-border-radius-top-right:0px;--awb-border-radius-bottom-right:0px;--awb-border-radius-bottom-left:0px;--awb-flex-wrap:wrap;\" ><div class=\"fusion-builder-row fusion-row\"><div class=\"fusion-layout-column fusion_builder_column fusion-builder-column-6 fusion_builder_column_1_1 1_1 fusion-one-full fusion-column-first fusion-column-last\" style=\"--awb-bg-size:cover;--awb-margin-top:20px;\" data-scroll-devices=\"small-visibility,medium-visibility,large-visibility\"><div class=\"fusion-column-wrapper fusion-column-has-shadow fusion-flex-column-wrapper-legacy\"><div class=\"fusion-text fusion-text-7\"><p style=\"text-align: center;\">Les photographies des expositions internationales sont disponibles sur <strong><a href=\"https:\/\/energiedusi.com\/fr\/ou-pouviez-vous-nous-voir\/\">cette page \u2192<\/a><\/strong><\/p>\n<\/div><div class=\"fusion-clearfix\"><\/div><\/div><\/div><\/div><\/div><\/p>\n","protected":false},"excerpt":{"rendered":"","protected":false},"author":1,"featured_media":0,"parent":0,"menu_order":0,"comment_status":"closed","ping_status":"open","template":"","meta":{"_acf_changed":false,"footnotes":""},"class_list":["post-262","page","type-page","status-publish","hentry"],"acf":[],"_links":{"self":[{"href":"https:\/\/energiedusi.com\/fr\/wp-json\/wp\/v2\/pages\/262","targetHints":{"allow":["GET"]}}],"collection":[{"href":"https:\/\/energiedusi.com\/fr\/wp-json\/wp\/v2\/pages"}],"about":[{"href":"https:\/\/energiedusi.com\/fr\/wp-json\/wp\/v2\/types\/page"}],"author":[{"embeddable":true,"href":"https:\/\/energiedusi.com\/fr\/wp-json\/wp\/v2\/users\/1"}],"replies":[{"embeddable":true,"href":"https:\/\/energiedusi.com\/fr\/wp-json\/wp\/v2\/comments?post=262"}],"version-history":[{"count":5,"href":"https:\/\/energiedusi.com\/fr\/wp-json\/wp\/v2\/pages\/262\/revisions"}],"predecessor-version":[{"id":3580,"href":"https:\/\/energiedusi.com\/fr\/wp-json\/wp\/v2\/pages\/262\/revisions\/3580"}],"wp:attachment":[{"href":"https:\/\/energiedusi.com\/fr\/wp-json\/wp\/v2\/media?parent=262"}],"curies":[{"name":"wp","href":"https:\/\/api.w.org\/{rel}","templated":true}]}}