{"id":2642,"date":"2024-07-29T09:52:40","date_gmt":"2024-07-29T07:52:40","guid":{"rendered":"https:\/\/energiedusi.com\/?page_id=2642"},"modified":"2025-11-24T20:31:28","modified_gmt":"2025-11-24T19:31:28","slug":"ou-pouviez-vous-nous-voir","status":"publish","type":"page","link":"https:\/\/energiedusi.com\/fr\/ou-pouviez-vous-nous-voir\/","title":{"rendered":"OU POUVIEZ &#8211; VOUS NOUS VOIR"},"content":{"rendered":"<p><div class=\"fusion-fullwidth fullwidth-box fusion-builder-row-1 nonhundred-percent-fullwidth non-hundred-percent-height-scrolling\" style=\"--awb-border-radius-top-left:0px;--awb-border-radius-top-right:0px;--awb-border-radius-bottom-right:0px;--awb-border-radius-bottom-left:0px;--awb-flex-wrap:wrap;\" ><div class=\"fusion-builder-row fusion-row\"><div class=\"fusion-layout-column fusion_builder_column fusion-builder-column-0 fusion_builder_column_3_4 3_4 fusion-three-fourth fusion-column-first\" style=\"--awb-bg-size:cover;width:75%;width:calc(75% - ( ( 4% ) * 0.75 ) );margin-right: 4%;\"><div class=\"fusion-column-wrapper fusion-column-has-shadow fusion-flex-column-wrapper-legacy\"><div class=\"fusion-text fusion-text-1\"><p style=\"text-align: center;\">Vous avez eu l&rsquo;occasion de voir nos peintures lors des expositions et vernissages suivants :<\/p>\n<\/div><div class=\"awb-gallery-wrapper awb-gallery-wrapper-1 button-span-no\" style=\"--more-btn-alignment:center;margin-right:4%;margin-left:4%;\"><div style=\"margin:-40px;--awb-bordersize:0px;\" class=\"fusion-gallery fusion-gallery-container fusion-grid-2 fusion-columns-total-11 fusion-gallery-layout-grid fusion-gallery-1\"><div style=\"padding:40px;\" class=\"fusion-grid-column fusion-gallery-column fusion-gallery-column-2 hover-type-none awb-imageframe-style awb-imageframe-style-below awb-imageframe-style-1\"><div class=\"fusion-gallery-image\"><a href=\"https:\/\/energiedusi.com\/wp-content\/uploads\/2025\/03\/little-treasures-bologna-italy.jpg\" rel=\"noreferrer\" data-rel=\"iLightbox[gallery_image_1]\" class=\"fusion-lightbox\" target=\"_self\"><img decoding=\"async\" src=\"https:\/\/energiedusi.com\/wp-content\/uploads\/2025\/03\/little-treasures-bologna-italy.jpg\" width=\"800\" height=\"800\" alt=\"Little treasures Bologna Italy\" title=\"Little treasures Bologna Italy\" aria-label=\"Little treasures Bologna Italy\" class=\"img-responsive wp-image-2983\" srcset=\"https:\/\/energiedusi.com\/wp-content\/uploads\/2025\/03\/little-treasures-bologna-italy-200x200.jpg 200w, https:\/\/energiedusi.com\/wp-content\/uploads\/2025\/03\/little-treasures-bologna-italy-400x400.jpg 400w, https:\/\/energiedusi.com\/wp-content\/uploads\/2025\/03\/little-treasures-bologna-italy-600x600.jpg 600w, https:\/\/energiedusi.com\/wp-content\/uploads\/2025\/03\/little-treasures-bologna-italy.jpg 800w\" sizes=\"(min-width: 2200px) 100vw, (min-width: 712px) 530px, (min-width: 640px) 712px, \" \/><\/a><\/div><div class=\"awb-imageframe-caption-container\"><div class=\"awb-imageframe-caption\"><h4 class=\"awb-imageframe-caption-title\">Little treasures Bologna Italy<\/h4><\/div><\/div><\/div><div style=\"padding:40px;\" class=\"fusion-grid-column fusion-gallery-column fusion-gallery-column-2 hover-type-none awb-imageframe-style awb-imageframe-style-below awb-imageframe-style-1\"><div class=\"fusion-gallery-image\"><a href=\"https:\/\/energiedusi.com\/wp-content\/uploads\/2025\/03\/6M27724.jpg\" rel=\"noreferrer\" data-rel=\"iLightbox[gallery_image_1]\" class=\"fusion-lightbox\" target=\"_self\"><img decoding=\"async\" src=\"https:\/\/energiedusi.com\/wp-content\/uploads\/2025\/03\/6M27724.jpg\" width=\"800\" height=\"594\" alt=\"Little treasures 2024\" title=\"Little treasures 2024\" aria-label=\"Little treasures 2024\" class=\"img-responsive wp-image-2987\" srcset=\"https:\/\/energiedusi.com\/wp-content\/uploads\/2025\/03\/6M27724-200x149.jpg 200w, https:\/\/energiedusi.com\/wp-content\/uploads\/2025\/03\/6M27724-400x297.jpg 400w, https:\/\/energiedusi.com\/wp-content\/uploads\/2025\/03\/6M27724-600x446.jpg 600w, https:\/\/energiedusi.com\/wp-content\/uploads\/2025\/03\/6M27724.jpg 800w\" sizes=\"(min-width: 2200px) 100vw, (min-width: 712px) 530px, (min-width: 640px) 712px, \" \/><\/a><\/div><div class=\"awb-imageframe-caption-container\"><div class=\"awb-imageframe-caption\"><h4 class=\"awb-imageframe-caption-title\">Little treasures 2024<\/h4><\/div><\/div><\/div><div class=\"clearfix\"><\/div><div style=\"padding:40px;\" class=\"fusion-grid-column fusion-gallery-column fusion-gallery-column-2 hover-type-none awb-imageframe-style awb-imageframe-style-below awb-imageframe-style-1\"><div class=\"fusion-gallery-image\"><a href=\"https:\/\/energiedusi.com\/wp-content\/uploads\/2025\/03\/749b7a7489be6580faa9199bbd461768.jpg\" rel=\"noreferrer\" data-rel=\"iLightbox[gallery_image_1]\" class=\"fusion-lightbox\" target=\"_self\"><img decoding=\"async\" src=\"https:\/\/energiedusi.com\/wp-content\/uploads\/2025\/03\/749b7a7489be6580faa9199bbd461768.jpg\" width=\"800\" height=\"546\" alt=\"Ben\u00e1tky 2024\" title=\"749b7a7489be6580faa9199bbd461768\" aria-label=\"749b7a7489be6580faa9199bbd461768\" class=\"img-responsive wp-image-2979\" srcset=\"https:\/\/energiedusi.com\/wp-content\/uploads\/2025\/03\/749b7a7489be6580faa9199bbd461768-200x137.jpg 200w, https:\/\/energiedusi.com\/wp-content\/uploads\/2025\/03\/749b7a7489be6580faa9199bbd461768-400x273.jpg 400w, https:\/\/energiedusi.com\/wp-content\/uploads\/2025\/03\/749b7a7489be6580faa9199bbd461768-600x410.jpg 600w, https:\/\/energiedusi.com\/wp-content\/uploads\/2025\/03\/749b7a7489be6580faa9199bbd461768.jpg 800w\" sizes=\"(min-width: 2200px) 100vw, (min-width: 712px) 530px, (min-width: 640px) 712px, \" \/><\/a><\/div><div class=\"awb-imageframe-caption-container\"><div class=\"awb-imageframe-caption\"><h4 class=\"awb-imageframe-caption-title\">Venezia 2024<\/h4><\/div><\/div><\/div><div style=\"padding:40px;\" class=\"fusion-grid-column fusion-gallery-column fusion-gallery-column-2 hover-type-none awb-imageframe-style awb-imageframe-style-below awb-imageframe-style-1\"><div class=\"fusion-gallery-image\"><a href=\"https:\/\/energiedusi.com\/wp-content\/uploads\/2025\/03\/451424505_924347549738667_4620669706868838030_n-001.jpg\" rel=\"noreferrer\" data-rel=\"iLightbox[gallery_image_1]\" class=\"fusion-lightbox\" target=\"_self\"><img decoding=\"async\" src=\"https:\/\/energiedusi.com\/wp-content\/uploads\/2025\/03\/451424505_924347549738667_4620669706868838030_n-001.jpg\" width=\"458\" height=\"800\" alt=\"Ben\u00e1tky 2024\" title=\"451424505_924347549738667_4620669706868838030_n-001\" aria-label=\"451424505_924347549738667_4620669706868838030_n-001\" class=\"img-responsive wp-image-2981\" srcset=\"https:\/\/energiedusi.com\/wp-content\/uploads\/2025\/03\/451424505_924347549738667_4620669706868838030_n-001-200x349.jpg 200w, https:\/\/energiedusi.com\/wp-content\/uploads\/2025\/03\/451424505_924347549738667_4620669706868838030_n-001-400x699.jpg 400w, https:\/\/energiedusi.com\/wp-content\/uploads\/2025\/03\/451424505_924347549738667_4620669706868838030_n-001.jpg 458w\" sizes=\"(min-width: 2200px) 100vw, (min-width: 712px) 530px, (min-width: 640px) 712px, \" \/><\/a><\/div><div class=\"awb-imageframe-caption-container\"><div class=\"awb-imageframe-caption\"><h4 class=\"awb-imageframe-caption-title\">Venezia 2024<\/h4><\/div><\/div><\/div><div class=\"clearfix\"><\/div><div style=\"padding:40px;\" class=\"fusion-grid-column fusion-gallery-column fusion-gallery-column-2 hover-type-none awb-imageframe-style awb-imageframe-style-below awb-imageframe-style-1\"><div class=\"fusion-gallery-image\"><a href=\"https:\/\/energiedusi.com\/wp-content\/uploads\/2025\/03\/451429764_924347443072011_7255763095914809331_n.jpg\" rel=\"noreferrer\" data-rel=\"iLightbox[gallery_image_1]\" class=\"fusion-lightbox\" target=\"_self\"><img decoding=\"async\" src=\"https:\/\/energiedusi.com\/wp-content\/uploads\/2025\/03\/451429764_924347443072011_7255763095914809331_n.jpg\" width=\"800\" height=\"534\" alt=\"Ben\u00e1tky 2024\" title=\"451429764_924347443072011_7255763095914809331_n\" aria-label=\"451429764_924347443072011_7255763095914809331_n\" class=\"img-responsive wp-image-2969\" srcset=\"https:\/\/energiedusi.com\/wp-content\/uploads\/2025\/03\/451429764_924347443072011_7255763095914809331_n-200x134.jpg 200w, https:\/\/energiedusi.com\/wp-content\/uploads\/2025\/03\/451429764_924347443072011_7255763095914809331_n-400x267.jpg 400w, https:\/\/energiedusi.com\/wp-content\/uploads\/2025\/03\/451429764_924347443072011_7255763095914809331_n-600x401.jpg 600w, https:\/\/energiedusi.com\/wp-content\/uploads\/2025\/03\/451429764_924347443072011_7255763095914809331_n.jpg 800w\" sizes=\"(min-width: 2200px) 100vw, (min-width: 712px) 530px, (min-width: 640px) 712px, \" \/><\/a><\/div><div class=\"awb-imageframe-caption-container\"><div class=\"awb-imageframe-caption\"><h4 class=\"awb-imageframe-caption-title\">Venezia 2024<\/h4><\/div><\/div><\/div><div style=\"padding:40px;\" class=\"fusion-grid-column fusion-gallery-column fusion-gallery-column-2 hover-type-none awb-imageframe-style awb-imageframe-style-below awb-imageframe-style-1\"><div class=\"fusion-gallery-image\"><a href=\"https:\/\/energiedusi.com\/wp-content\/uploads\/2025\/03\/441278928_443011978338057_6308323922344094109_n.jpg\" rel=\"noreferrer\" data-rel=\"iLightbox[gallery_image_1]\" class=\"fusion-lightbox\" target=\"_self\"><img decoding=\"async\" src=\"https:\/\/energiedusi.com\/wp-content\/uploads\/2025\/03\/441278928_443011978338057_6308323922344094109_n.jpg\" width=\"800\" height=\"533\" alt=\"Galeria Azur Berlin Session\" title=\"441278928_443011978338057_6308323922344094109_n\" aria-label=\"441278928_443011978338057_6308323922344094109_n\" class=\"img-responsive wp-image-2971\" srcset=\"https:\/\/energiedusi.com\/wp-content\/uploads\/2025\/03\/441278928_443011978338057_6308323922344094109_n-200x133.jpg 200w, https:\/\/energiedusi.com\/wp-content\/uploads\/2025\/03\/441278928_443011978338057_6308323922344094109_n-400x267.jpg 400w, https:\/\/energiedusi.com\/wp-content\/uploads\/2025\/03\/441278928_443011978338057_6308323922344094109_n-600x400.jpg 600w, https:\/\/energiedusi.com\/wp-content\/uploads\/2025\/03\/441278928_443011978338057_6308323922344094109_n.jpg 800w\" sizes=\"(min-width: 2200px) 100vw, (min-width: 712px) 530px, (min-width: 640px) 712px, \" \/><\/a><\/div><div class=\"awb-imageframe-caption-container\"><div class=\"awb-imageframe-caption\"><h4 class=\"awb-imageframe-caption-title\">Helena Bur\u0161a Pet\u0159inov\u00e1 Galeria Azur Berlin Session<\/h4><\/div><\/div><\/div><div class=\"clearfix\"><\/div><div style=\"padding:40px;\" class=\"fusion-grid-column fusion-gallery-column fusion-gallery-column-2 hover-type-none awb-imageframe-style awb-imageframe-style-below awb-imageframe-style-1\"><div class=\"fusion-gallery-image\"><a href=\"https:\/\/energiedusi.com\/wp-content\/uploads\/2022\/07\/galerie-expo.jpg\" rel=\"noreferrer\" data-rel=\"iLightbox[gallery_image_1]\" class=\"fusion-lightbox\" target=\"_self\"><img decoding=\"async\" src=\"https:\/\/energiedusi.com\/wp-content\/uploads\/2022\/07\/galerie-expo.jpg\" width=\"759\" height=\"960\" alt=\"Expo Metro - Los Angeles 2022\" title=\"\" aria-label=\"\" class=\"img-responsive wp-image-1474\" srcset=\"https:\/\/energiedusi.com\/wp-content\/uploads\/2022\/07\/galerie-expo-200x253.jpg 200w, https:\/\/energiedusi.com\/wp-content\/uploads\/2022\/07\/galerie-expo-400x506.jpg 400w, https:\/\/energiedusi.com\/wp-content\/uploads\/2022\/07\/galerie-expo-600x759.jpg 600w, https:\/\/energiedusi.com\/wp-content\/uploads\/2022\/07\/galerie-expo.jpg 759w\" sizes=\"(min-width: 2200px) 100vw, (min-width: 712px) 530px, (min-width: 640px) 712px, \" \/><\/a><\/div><div class=\"awb-imageframe-caption-container\"><div class=\"awb-imageframe-caption\"><p class=\"awb-imageframe-caption-text\">Expo Metro - Los Angeles 2022<\/p><\/div><\/div><\/div><div style=\"padding:40px;\" class=\"fusion-grid-column fusion-gallery-column fusion-gallery-column-2 hover-type-none awb-imageframe-style awb-imageframe-style-below awb-imageframe-style-1\"><div class=\"fusion-gallery-image\"><a href=\"https:\/\/energiedusi.com\/wp-content\/uploads\/2024\/01\/new-york.webp\" rel=\"noreferrer\" data-rel=\"iLightbox[gallery_image_1]\" class=\"fusion-lightbox\" target=\"_self\"><img decoding=\"async\" src=\"https:\/\/energiedusi.com\/wp-content\/uploads\/2024\/01\/new-york.webp\" width=\"1000\" height=\"753\" alt=\"New York 2023\" title=\"\" aria-label=\"\" class=\"img-responsive wp-image-2348\" srcset=\"https:\/\/energiedusi.com\/wp-content\/uploads\/2024\/01\/new-york-200x151.webp 200w, https:\/\/energiedusi.com\/wp-content\/uploads\/2024\/01\/new-york-400x301.webp 400w, https:\/\/energiedusi.com\/wp-content\/uploads\/2024\/01\/new-york-600x452.webp 600w, https:\/\/energiedusi.com\/wp-content\/uploads\/2024\/01\/new-york-800x602.webp 800w, https:\/\/energiedusi.com\/wp-content\/uploads\/2024\/01\/new-york.webp 1000w\" sizes=\"(min-width: 2200px) 100vw, (min-width: 712px) 530px, (min-width: 640px) 712px, \" \/><\/a><\/div><div class=\"awb-imageframe-caption-container\"><div class=\"awb-imageframe-caption\"><p class=\"awb-imageframe-caption-text\">New York 2023<\/p><\/div><\/div><\/div><div class=\"clearfix\"><\/div><div style=\"padding:40px;\" class=\"fusion-grid-column fusion-gallery-column fusion-gallery-column-2 hover-type-none awb-imageframe-style awb-imageframe-style-below awb-imageframe-style-1\"><div class=\"fusion-gallery-image\"><a href=\"https:\/\/energiedusi.com\/wp-content\/uploads\/2023\/06\/expometro-2.webp\" rel=\"noreferrer\" data-rel=\"iLightbox[gallery_image_1]\" class=\"fusion-lightbox\" target=\"_self\"><img decoding=\"async\" src=\"https:\/\/energiedusi.com\/wp-content\/uploads\/2023\/06\/expometro-2.webp\" width=\"2043\" height=\"1019\" alt=\"Barcelona 2023 - El T\u00fanel del Arte\" title=\"\" aria-label=\"\" class=\"img-responsive wp-image-1921\" srcset=\"https:\/\/energiedusi.com\/wp-content\/uploads\/2023\/06\/expometro-2-200x100.webp 200w, https:\/\/energiedusi.com\/wp-content\/uploads\/2023\/06\/expometro-2-400x200.webp 400w, https:\/\/energiedusi.com\/wp-content\/uploads\/2023\/06\/expometro-2-600x299.webp 600w, https:\/\/energiedusi.com\/wp-content\/uploads\/2023\/06\/expometro-2-800x399.webp 800w, https:\/\/energiedusi.com\/wp-content\/uploads\/2023\/06\/expometro-2-1200x599.webp 1200w, https:\/\/energiedusi.com\/wp-content\/uploads\/2023\/06\/expometro-2.webp 2043w\" sizes=\"(min-width: 2200px) 100vw, (min-width: 712px) 530px, (min-width: 640px) 712px, \" \/><\/a><\/div><div class=\"awb-imageframe-caption-container\"><div class=\"awb-imageframe-caption\"><p class=\"awb-imageframe-caption-text\">Barcelona 2023 - El T\u00fanel del Arte<\/p><\/div><\/div><\/div><div style=\"padding:40px;\" class=\"fusion-grid-column fusion-gallery-column fusion-gallery-column-2 hover-type-none awb-imageframe-style awb-imageframe-style-below awb-imageframe-style-1\"><div class=\"fusion-gallery-image\"><a href=\"https:\/\/energiedusi.com\/wp-content\/uploads\/2024\/07\/447360921_977388937414090_1217073460613478759_n-001.jpg\" rel=\"noreferrer\" data-rel=\"iLightbox[gallery_image_1]\" class=\"fusion-lightbox\" target=\"_self\"><img decoding=\"async\" src=\"https:\/\/energiedusi.com\/wp-content\/uploads\/2024\/07\/447360921_977388937414090_1217073460613478759_n-001.jpg\" width=\"1080\" height=\"1080\" alt=\"V\u00fdstava The Holy Art Lond\u00fdn 2024\" title=\"\" aria-label=\"\" class=\"img-responsive wp-image-2654\" srcset=\"https:\/\/energiedusi.com\/wp-content\/uploads\/2024\/07\/447360921_977388937414090_1217073460613478759_n-001-200x200.jpg 200w, https:\/\/energiedusi.com\/wp-content\/uploads\/2024\/07\/447360921_977388937414090_1217073460613478759_n-001-400x400.jpg 400w, https:\/\/energiedusi.com\/wp-content\/uploads\/2024\/07\/447360921_977388937414090_1217073460613478759_n-001-600x600.jpg 600w, https:\/\/energiedusi.com\/wp-content\/uploads\/2024\/07\/447360921_977388937414090_1217073460613478759_n-001-800x800.jpg 800w, https:\/\/energiedusi.com\/wp-content\/uploads\/2024\/07\/447360921_977388937414090_1217073460613478759_n-001.jpg 1080w\" sizes=\"(min-width: 2200px) 100vw, (min-width: 712px) 530px, (min-width: 640px) 712px, \" \/><\/a><\/div><div class=\"awb-imageframe-caption-container\"><div class=\"awb-imageframe-caption\"><p class=\"awb-imageframe-caption-text\">Helena Bur\u0161a Pet\u0159inov\u00e1 - Lond\u00fdn<\/p><\/div><\/div><\/div><div class=\"clearfix\"><\/div><div style=\"padding:40px;\" class=\"fusion-grid-column fusion-gallery-column fusion-gallery-column-2 hover-type-none awb-imageframe-style awb-imageframe-style-below awb-imageframe-style-1\"><div class=\"fusion-gallery-image\"><a href=\"https:\/\/energiedusi.com\/wp-content\/uploads\/2025\/03\/Milan-Bursa-Londyn-The-Holy-Art.jpg\" rel=\"noreferrer\" data-rel=\"iLightbox[gallery_image_1]\" class=\"fusion-lightbox\" target=\"_self\"><img decoding=\"async\" src=\"https:\/\/energiedusi.com\/wp-content\/uploads\/2025\/03\/Milan-Bursa-Londyn-The-Holy-Art.jpg\" width=\"800\" height=\"800\" alt=\"\" title=\"Milan Bur\u0161a &#8211; Lond\u00fdn-The Holy Art\" aria-label=\"Milan Bur\u0161a &#8211; Lond\u00fdn-The Holy Art\" class=\"img-responsive wp-image-2985\" srcset=\"https:\/\/energiedusi.com\/wp-content\/uploads\/2025\/03\/Milan-Bursa-Londyn-The-Holy-Art-200x200.jpg 200w, https:\/\/energiedusi.com\/wp-content\/uploads\/2025\/03\/Milan-Bursa-Londyn-The-Holy-Art-400x400.jpg 400w, https:\/\/energiedusi.com\/wp-content\/uploads\/2025\/03\/Milan-Bursa-Londyn-The-Holy-Art-600x600.jpg 600w, https:\/\/energiedusi.com\/wp-content\/uploads\/2025\/03\/Milan-Bursa-Londyn-The-Holy-Art.jpg 800w\" sizes=\"(min-width: 2200px) 100vw, (min-width: 712px) 530px, (min-width: 640px) 712px, \" \/><\/a><\/div><div class=\"awb-imageframe-caption-container\"><div class=\"awb-imageframe-caption\"><h4 class=\"awb-imageframe-caption-title\">Milan Bur\u0161a &#8211; Lond\u00fdn-The Holy Art<\/h4><\/div><\/div><\/div><\/div><\/div><div class=\"fusion-clearfix\"><\/div><\/div><\/div><\/div><\/div><div class=\"fusion-fullwidth fullwidth-box fusion-builder-row-2 nonhundred-percent-fullwidth non-hundred-percent-height-scrolling\" style=\"--awb-border-radius-top-left:0px;--awb-border-radius-top-right:0px;--awb-border-radius-bottom-right:0px;--awb-border-radius-bottom-left:0px;--awb-flex-wrap:wrap;\" ><div class=\"fusion-builder-row fusion-row\"><\/div><\/div><\/p>\n","protected":false},"excerpt":{"rendered":"","protected":false},"author":1,"featured_media":0,"parent":0,"menu_order":0,"comment_status":"closed","ping_status":"closed","template":"","meta":{"_acf_changed":false,"footnotes":""},"class_list":["post-2642","page","type-page","status-publish","hentry"],"acf":[],"_links":{"self":[{"href":"https:\/\/energiedusi.com\/fr\/wp-json\/wp\/v2\/pages\/2642","targetHints":{"allow":["GET"]}}],"collection":[{"href":"https:\/\/energiedusi.com\/fr\/wp-json\/wp\/v2\/pages"}],"about":[{"href":"https:\/\/energiedusi.com\/fr\/wp-json\/wp\/v2\/types\/page"}],"author":[{"embeddable":true,"href":"https:\/\/energiedusi.com\/fr\/wp-json\/wp\/v2\/users\/1"}],"replies":[{"embeddable":true,"href":"https:\/\/energiedusi.com\/fr\/wp-json\/wp\/v2\/comments?post=2642"}],"version-history":[{"count":5,"href":"https:\/\/energiedusi.com\/fr\/wp-json\/wp\/v2\/pages\/2642\/revisions"}],"predecessor-version":[{"id":3552,"href":"https:\/\/energiedusi.com\/fr\/wp-json\/wp\/v2\/pages\/2642\/revisions\/3552"}],"wp:attachment":[{"href":"https:\/\/energiedusi.com\/fr\/wp-json\/wp\/v2\/media?parent=2642"}],"curies":[{"name":"wp","href":"https:\/\/api.w.org\/{rel}","templated":true}]}}